{"id":5404,"date":"2021-01-21T16:10:06","date_gmt":"2021-01-21T16:10:06","guid":{"rendered":"https:\/\/www.paulofaustino.com\/home\/"},"modified":"2026-01-27T17:03:24","modified_gmt":"2026-01-27T17:03:24","slug":"home","status":"publish","type":"page","link":"https:\/\/www.paulofaustino.com\/pt\/","title":{"rendered":"Home"},"content":{"rendered":"","protected":false},"excerpt":{"rendered":"","protected":false},"author":2,"featured_media":0,"parent":0,"menu_order":0,"comment_status":"closed","ping_status":"closed","template":"template-home.php","meta":{"_acf_changed":false,"footnotes":""},"class_list":["post-5404","page","type-page","status-publish","hentry"],"acf":[],"yoast_head":"<!-- This site is optimized with the Yoast SEO plugin v26.8 - https:\/\/yoast.com\/product\/yoast-seo-wordpress\/ -->\n<title>Paulo Faustino - Mentor de Empres\u00e1rios e Empresas<\/title>\n<meta name=\"description\" content=\"Paulo Faustino \u00e9 considerado um dos maiores especialistas em Gest\u00e3o, Marketing e Vendas de l\u00edngua portuguesa. Mentor de Empres\u00e1rios e Empresas.\" \/>\n<meta name=\"robots\" content=\"index, follow, max-snippet:-1, max-image-preview:large, max-video-preview:-1\" \/>\n<link rel=\"canonical\" href=\"https:\/\/www.paulofaustino.com\/pt\/\" \/>\n<meta property=\"og:locale\" content=\"pt_PT\" \/>\n<meta property=\"og:type\" content=\"article\" \/>\n<meta property=\"og:title\" content=\"Paulo Faustino - Mentor de Empres\u00e1rios e Empresas\" \/>\n<meta property=\"og:description\" content=\"Paulo Faustino \u00e9 considerado um dos maiores especialistas em Gest\u00e3o, Marketing e Vendas de l\u00edngua portuguesa. Mentor de Empres\u00e1rios e Empresas.\" \/>\n<meta property=\"og:url\" content=\"https:\/\/www.paulofaustino.com\/pt\/\" \/>\n<meta property=\"og:site_name\" content=\"Paulo Faustino\" \/>\n<meta property=\"article:publisher\" content=\"https:\/\/www.facebook.com\/paulofilipefaustino\" \/>\n<meta property=\"article:modified_time\" content=\"2026-01-27T17:03:24+00:00\" \/>\n<meta property=\"og:image\" content=\"https:\/\/www.paulofaustino.com\/wp-content\/uploads\/2015\/12\/paulofaustino.png\" \/>\n\t<meta property=\"og:image:width\" content=\"1200\" \/>\n\t<meta property=\"og:image:height\" content=\"628\" \/>\n\t<meta property=\"og:image:type\" content=\"image\/png\" \/>\n<meta name=\"twitter:card\" content=\"summary_large_image\" \/>\n<meta name=\"twitter:site\" content=\"@pauloffaustino\" \/>\n<script type=\"application\/ld+json\" class=\"yoast-schema-graph\">{\"@context\":\"https:\/\/schema.org\",\"@graph\":[{\"@type\":\"WebPage\",\"@id\":\"https:\/\/www.paulofaustino.com\/pt\/\",\"url\":\"https:\/\/www.paulofaustino.com\/pt\/\",\"name\":\"Paulo Faustino - Mentor de Empres\u00e1rios e Empresas\",\"isPartOf\":{\"@id\":\"https:\/\/www.paulofaustino.com\/pt\/#website\"},\"datePublished\":\"2021-01-21T16:10:06+00:00\",\"dateModified\":\"2026-01-27T17:03:24+00:00\",\"description\":\"Paulo Faustino \u00e9 considerado um dos maiores especialistas em Gest\u00e3o, Marketing e Vendas de l\u00edngua portuguesa. Mentor de Empres\u00e1rios e Empresas.\",\"breadcrumb\":{\"@id\":\"https:\/\/www.paulofaustino.com\/pt\/#breadcrumb\"},\"inLanguage\":\"pt\",\"potentialAction\":[{\"@type\":\"ReadAction\",\"target\":[\"https:\/\/www.paulofaustino.com\/pt\/\"]}]},{\"@type\":\"BreadcrumbList\",\"@id\":\"https:\/\/www.paulofaustino.com\/pt\/#breadcrumb\",\"itemListElement\":[{\"@type\":\"ListItem\",\"position\":1,\"name\":\"Home\",\"item\":\"https:\/\/www.paulofaustino.com\/pt\/\"},{\"@type\":\"ListItem\",\"position\":2,\"name\":\"Home\"}]},{\"@type\":\"WebSite\",\"@id\":\"https:\/\/www.paulofaustino.com\/pt\/#website\",\"url\":\"https:\/\/www.paulofaustino.com\/pt\/\",\"name\":\"Paulo Faustino\",\"description\":\"Mentor de Empres\u00e1rios e Empresas\",\"potentialAction\":[{\"@type\":\"SearchAction\",\"target\":{\"@type\":\"EntryPoint\",\"urlTemplate\":\"https:\/\/www.paulofaustino.com\/pt\/?s={search_term_string}\"},\"query-input\":{\"@type\":\"PropertyValueSpecification\",\"valueRequired\":true,\"valueName\":\"search_term_string\"}}],\"inLanguage\":\"pt\"}]}<\/script>\n<!-- \/ Yoast SEO plugin. -->","yoast_head_json":{"title":"Paulo Faustino - Mentor de Empres\u00e1rios e Empresas","description":"Paulo Faustino \u00e9 considerado um dos maiores especialistas em Gest\u00e3o, Marketing e Vendas de l\u00edngua portuguesa. Mentor de Empres\u00e1rios e Empresas.","robots":{"index":"index","follow":"follow","max-snippet":"max-snippet:-1","max-image-preview":"max-image-preview:large","max-video-preview":"max-video-preview:-1"},"canonical":"https:\/\/www.paulofaustino.com\/pt\/","og_locale":"pt_PT","og_type":"article","og_title":"Paulo Faustino - Mentor de Empres\u00e1rios e Empresas","og_description":"Paulo Faustino \u00e9 considerado um dos maiores especialistas em Gest\u00e3o, Marketing e Vendas de l\u00edngua portuguesa. Mentor de Empres\u00e1rios e Empresas.","og_url":"https:\/\/www.paulofaustino.com\/pt\/","og_site_name":"Paulo Faustino","article_publisher":"https:\/\/www.facebook.com\/paulofilipefaustino","article_modified_time":"2026-01-27T17:03:24+00:00","og_image":[{"width":1200,"height":628,"url":"https:\/\/www.paulofaustino.com\/wp-content\/uploads\/2015\/12\/paulofaustino.png","type":"image\/png"}],"twitter_card":"summary_large_image","twitter_site":"@pauloffaustino","schema":{"@context":"https:\/\/schema.org","@graph":[{"@type":"WebPage","@id":"https:\/\/www.paulofaustino.com\/pt\/","url":"https:\/\/www.paulofaustino.com\/pt\/","name":"Paulo Faustino - Mentor de Empres\u00e1rios e Empresas","isPartOf":{"@id":"https:\/\/www.paulofaustino.com\/pt\/#website"},"datePublished":"2021-01-21T16:10:06+00:00","dateModified":"2026-01-27T17:03:24+00:00","description":"Paulo Faustino \u00e9 considerado um dos maiores especialistas em Gest\u00e3o, Marketing e Vendas de l\u00edngua portuguesa. Mentor de Empres\u00e1rios e Empresas.","breadcrumb":{"@id":"https:\/\/www.paulofaustino.com\/pt\/#breadcrumb"},"inLanguage":"pt","potentialAction":[{"@type":"ReadAction","target":["https:\/\/www.paulofaustino.com\/pt\/"]}]},{"@type":"BreadcrumbList","@id":"https:\/\/www.paulofaustino.com\/pt\/#breadcrumb","itemListElement":[{"@type":"ListItem","position":1,"name":"Home","item":"https:\/\/www.paulofaustino.com\/pt\/"},{"@type":"ListItem","position":2,"name":"Home"}]},{"@type":"WebSite","@id":"https:\/\/www.paulofaustino.com\/pt\/#website","url":"https:\/\/www.paulofaustino.com\/pt\/","name":"Paulo Faustino","description":"Mentor de Empres\u00e1rios e Empresas","potentialAction":[{"@type":"SearchAction","target":{"@type":"EntryPoint","urlTemplate":"https:\/\/www.paulofaustino.com\/pt\/?s={search_term_string}"},"query-input":{"@type":"PropertyValueSpecification","valueRequired":true,"valueName":"search_term_string"}}],"inLanguage":"pt"}]}},"_links":{"self":[{"href":"https:\/\/www.paulofaustino.com\/pt\/wp-json\/wp\/v2\/pages\/5404","targetHints":{"allow":["GET"]}}],"collection":[{"href":"https:\/\/www.paulofaustino.com\/pt\/wp-json\/wp\/v2\/pages"}],"about":[{"href":"https:\/\/www.paulofaustino.com\/pt\/wp-json\/wp\/v2\/types\/page"}],"author":[{"embeddable":true,"href":"https:\/\/www.paulofaustino.com\/pt\/wp-json\/wp\/v2\/users\/2"}],"replies":[{"embeddable":true,"href":"https:\/\/www.paulofaustino.com\/pt\/wp-json\/wp\/v2\/comments?post=5404"}],"version-history":[{"count":1,"href":"https:\/\/www.paulofaustino.com\/pt\/wp-json\/wp\/v2\/pages\/5404\/revisions"}],"predecessor-version":[{"id":5405,"href":"https:\/\/www.paulofaustino.com\/pt\/wp-json\/wp\/v2\/pages\/5404\/revisions\/5405"}],"wp:attachment":[{"href":"https:\/\/www.paulofaustino.com\/pt\/wp-json\/wp\/v2\/media?parent=5404"}],"curies":[{"name":"wp","href":"https:\/\/api.w.org\/{rel}","templated":true}]}}