{"id":4828,"date":"2015-06-26T11:42:43","date_gmt":"2015-06-26T11:42:43","guid":{"rendered":"https:\/\/www.paulofaustino.com\/blog\/"},"modified":"2020-09-14T09:41:16","modified_gmt":"2020-09-14T09:41:16","slug":"blog","status":"publish","type":"page","link":"https:\/\/www.paulofaustino.com\/pt\/blog\/","title":{"rendered":"Blog"},"content":{"rendered":"","protected":false},"excerpt":{"rendered":"","protected":false},"author":7,"featured_media":0,"parent":0,"menu_order":0,"comment_status":"open","ping_status":"closed","template":"template-blog.php","meta":{"_acf_changed":false,"footnotes":""},"class_list":["post-4828","page","type-page","status-publish","hentry"],"acf":[],"yoast_head":"<!-- This site is optimized with the Yoast SEO plugin v26.8 - https:\/\/yoast.com\/product\/yoast-seo-wordpress\/ -->\n<title>Blog de Marketing Digital<\/title>\n<meta name=\"description\" content=\"Blog de marketing digital com conte\u00fados sobre marketing, empreendedorismo e neg\u00f3cios na internet. Dicas e estrat\u00e9gias para criar neg\u00f3cios online.\" \/>\n<meta name=\"robots\" content=\"index, follow, max-snippet:-1, max-image-preview:large, max-video-preview:-1\" \/>\n<link rel=\"canonical\" href=\"https:\/\/www.paulofaustino.com\/pt\/blog\/\" \/>\n<meta property=\"og:locale\" content=\"pt_PT\" \/>\n<meta property=\"og:type\" content=\"article\" \/>\n<meta property=\"og:title\" content=\"Blog de Marketing Digital\" \/>\n<meta property=\"og:description\" content=\"Blog de marketing digital com conte\u00fados sobre marketing, empreendedorismo e neg\u00f3cios na internet. Dicas e estrat\u00e9gias para criar neg\u00f3cios online.\" \/>\n<meta property=\"og:url\" content=\"https:\/\/www.paulofaustino.com\/pt\/blog\/\" \/>\n<meta property=\"og:site_name\" content=\"Paulo Faustino\" \/>\n<meta property=\"article:publisher\" content=\"https:\/\/www.facebook.com\/paulofilipefaustino\" \/>\n<meta property=\"article:modified_time\" content=\"2020-09-14T09:41:16+00:00\" \/>\n<meta property=\"og:image\" content=\"https:\/\/www.paulofaustino.com\/wp-content\/uploads\/2015\/12\/paulofaustino.png\" \/>\n\t<meta property=\"og:image:width\" content=\"1200\" \/>\n\t<meta property=\"og:image:height\" content=\"628\" \/>\n\t<meta property=\"og:image:type\" content=\"image\/png\" \/>\n<meta name=\"twitter:card\" content=\"summary_large_image\" \/>\n<meta name=\"twitter:site\" content=\"@pauloffaustino\" \/>\n<script type=\"application\/ld+json\" class=\"yoast-schema-graph\">{\"@context\":\"https:\/\/schema.org\",\"@graph\":[{\"@type\":\"WebPage\",\"@id\":\"https:\/\/www.paulofaustino.com\/pt\/blog\/\",\"url\":\"https:\/\/www.paulofaustino.com\/pt\/blog\/\",\"name\":\"Blog de Marketing Digital\",\"isPartOf\":{\"@id\":\"https:\/\/www.paulofaustino.com\/pt\/#website\"},\"datePublished\":\"2015-06-26T11:42:43+00:00\",\"dateModified\":\"2020-09-14T09:41:16+00:00\",\"description\":\"Blog de marketing digital com conte\u00fados sobre marketing, empreendedorismo e neg\u00f3cios na internet. Dicas e estrat\u00e9gias para criar neg\u00f3cios online.\",\"breadcrumb\":{\"@id\":\"https:\/\/www.paulofaustino.com\/pt\/blog\/#breadcrumb\"},\"inLanguage\":\"pt\",\"potentialAction\":[{\"@type\":\"ReadAction\",\"target\":[\"https:\/\/www.paulofaustino.com\/pt\/blog\/\"]}]},{\"@type\":\"BreadcrumbList\",\"@id\":\"https:\/\/www.paulofaustino.com\/pt\/blog\/#breadcrumb\",\"itemListElement\":[{\"@type\":\"ListItem\",\"position\":1,\"name\":\"Home\",\"item\":\"https:\/\/www.paulofaustino.com\/pt\/\"},{\"@type\":\"ListItem\",\"position\":2,\"name\":\"Blog\"}]},{\"@type\":\"WebSite\",\"@id\":\"https:\/\/www.paulofaustino.com\/pt\/#website\",\"url\":\"https:\/\/www.paulofaustino.com\/pt\/\",\"name\":\"Paulo Faustino\",\"description\":\"Mentor de Empres\u00e1rios e Empresas\",\"potentialAction\":[{\"@type\":\"SearchAction\",\"target\":{\"@type\":\"EntryPoint\",\"urlTemplate\":\"https:\/\/www.paulofaustino.com\/pt\/?s={search_term_string}\"},\"query-input\":{\"@type\":\"PropertyValueSpecification\",\"valueRequired\":true,\"valueName\":\"search_term_string\"}}],\"inLanguage\":\"pt\"}]}<\/script>\n<!-- \/ Yoast SEO plugin. -->","yoast_head_json":{"title":"Blog de Marketing Digital","description":"Blog de marketing digital com conte\u00fados sobre marketing, empreendedorismo e neg\u00f3cios na internet. Dicas e estrat\u00e9gias para criar neg\u00f3cios online.","robots":{"index":"index","follow":"follow","max-snippet":"max-snippet:-1","max-image-preview":"max-image-preview:large","max-video-preview":"max-video-preview:-1"},"canonical":"https:\/\/www.paulofaustino.com\/pt\/blog\/","og_locale":"pt_PT","og_type":"article","og_title":"Blog de Marketing Digital","og_description":"Blog de marketing digital com conte\u00fados sobre marketing, empreendedorismo e neg\u00f3cios na internet. Dicas e estrat\u00e9gias para criar neg\u00f3cios online.","og_url":"https:\/\/www.paulofaustino.com\/pt\/blog\/","og_site_name":"Paulo Faustino","article_publisher":"https:\/\/www.facebook.com\/paulofilipefaustino","article_modified_time":"2020-09-14T09:41:16+00:00","og_image":[{"width":1200,"height":628,"url":"https:\/\/www.paulofaustino.com\/wp-content\/uploads\/2015\/12\/paulofaustino.png","type":"image\/png"}],"twitter_card":"summary_large_image","twitter_site":"@pauloffaustino","schema":{"@context":"https:\/\/schema.org","@graph":[{"@type":"WebPage","@id":"https:\/\/www.paulofaustino.com\/pt\/blog\/","url":"https:\/\/www.paulofaustino.com\/pt\/blog\/","name":"Blog de Marketing Digital","isPartOf":{"@id":"https:\/\/www.paulofaustino.com\/pt\/#website"},"datePublished":"2015-06-26T11:42:43+00:00","dateModified":"2020-09-14T09:41:16+00:00","description":"Blog de marketing digital com conte\u00fados sobre marketing, empreendedorismo e neg\u00f3cios na internet. Dicas e estrat\u00e9gias para criar neg\u00f3cios online.","breadcrumb":{"@id":"https:\/\/www.paulofaustino.com\/pt\/blog\/#breadcrumb"},"inLanguage":"pt","potentialAction":[{"@type":"ReadAction","target":["https:\/\/www.paulofaustino.com\/pt\/blog\/"]}]},{"@type":"BreadcrumbList","@id":"https:\/\/www.paulofaustino.com\/pt\/blog\/#breadcrumb","itemListElement":[{"@type":"ListItem","position":1,"name":"Home","item":"https:\/\/www.paulofaustino.com\/pt\/"},{"@type":"ListItem","position":2,"name":"Blog"}]},{"@type":"WebSite","@id":"https:\/\/www.paulofaustino.com\/pt\/#website","url":"https:\/\/www.paulofaustino.com\/pt\/","name":"Paulo Faustino","description":"Mentor de Empres\u00e1rios e Empresas","potentialAction":[{"@type":"SearchAction","target":{"@type":"EntryPoint","urlTemplate":"https:\/\/www.paulofaustino.com\/pt\/?s={search_term_string}"},"query-input":{"@type":"PropertyValueSpecification","valueRequired":true,"valueName":"search_term_string"}}],"inLanguage":"pt"}]}},"_links":{"self":[{"href":"https:\/\/www.paulofaustino.com\/pt\/wp-json\/wp\/v2\/pages\/4828","targetHints":{"allow":["GET"]}}],"collection":[{"href":"https:\/\/www.paulofaustino.com\/pt\/wp-json\/wp\/v2\/pages"}],"about":[{"href":"https:\/\/www.paulofaustino.com\/pt\/wp-json\/wp\/v2\/types\/page"}],"author":[{"embeddable":true,"href":"https:\/\/www.paulofaustino.com\/pt\/wp-json\/wp\/v2\/users\/7"}],"replies":[{"embeddable":true,"href":"https:\/\/www.paulofaustino.com\/pt\/wp-json\/wp\/v2\/comments?post=4828"}],"version-history":[{"count":1,"href":"https:\/\/www.paulofaustino.com\/pt\/wp-json\/wp\/v2\/pages\/4828\/revisions"}],"predecessor-version":[{"id":4830,"href":"https:\/\/www.paulofaustino.com\/pt\/wp-json\/wp\/v2\/pages\/4828\/revisions\/4830"}],"wp:attachment":[{"href":"https:\/\/www.paulofaustino.com\/pt\/wp-json\/wp\/v2\/media?parent=4828"}],"curies":[{"name":"wp","href":"https:\/\/api.w.org\/{rel}","templated":true}]}}